{"id":1073,"date":"2012-02-04T00:47:20","date_gmt":"2012-02-03T23:47:20","guid":{"rendered":"http:\/\/www.lianeshobbywelt.de\/blog\/?page_id=1073"},"modified":"2023-05-06T00:00:52","modified_gmt":"2023-05-05T22:00:52","slug":"impressum","status":"publish","type":"page","link":"https:\/\/lianeshobbywelt.de\/?page_id=1073","title":{"rendered":"Impressum"},"content":{"rendered":"<p>Dieser Blog wird gestaltet und betreut von<\/p>\n<address>Liane B\u00fcttner-Kauff<\/address>\n<address>Am Obertor 17<\/address>\n<address>55237 Flonheim<\/address>\n<address>\u00a0<\/address>\n<address>eMail: schneeloewe73(\u00e4t)gmail.com<\/address>\n<address>\u00a0<\/address>\n<h3>Copyright<\/h3>\n<p>Soweit nicht anders angegeben, sind alle Fotos und Texte mein Eigentum und d\u00fcrfen nicht ohne meine Erlaubnis verwendet werden.<\/p>\n<h3>Haftungsausschluss<\/h3>\n<p>Ich distanziere mich ausdr\u00fccklich von allen Inhalten der verlinkten Seiten in meinem Blog und mache mir deren Inhalte nicht zu eigen. Dies umfasst alle in meinem Blog angebrachten Links.<\/p>\n<p>Mit Urteil vom 12. Mai 1998 &#8211; 312 O 85\/98 &#8211; Haftung f\u00fcr Links hat das Landgericht Hamburg entschieden, dass man durch die Anbringung eines Links, die Inhalte der gelinkten Seite ggf. mit zu verantworten hat. Dies kann nur dadurch verhindert werden, dass man sich ausdr\u00fccklich von diesen Inhalten distanziert. Ich habe keinerlei Einfluss auf die aktuelle und zuk\u00fcnftige Gestaltung und auf die Inhalte der gelinkten\/verkn\u00fcpften Seiten. Deshalb distanziere ich mich hiermit ausdr\u00fccklich von allen Inhalten aller gelinkten\/verkn\u00fcpften Seiten, die nach der Linksetzung ver\u00e4ndert wurden. F\u00fcr illegale, fehlerhafte oder unvollst\u00e4ndige Inhalte und insbesondere f\u00fcr Sch\u00e4den, die aus der Nutzung oder Nichtnutzung solcher Art dargebotener Informationen entstehen, haftet allein der Anbieter der Seite, auf welche verwiesen wurde, nicht derjenige, der \u00fcber Links auf die jeweilige Ver\u00f6ffentlichung lediglich verweist. Ich behalte mir das Recht vor, ohne vorherige Ank\u00fcndigung die bereitgestellten Informationen zu aktualisieren oder zu entfernen. Ich bin nicht verantwortlich f\u00fcr die Aktualit\u00e4t, Richtigkeit und Vollst\u00e4ndigkeit der Inhalte und Informationen von anderen Webseiten, die auf direkten oder indirekten digitalen Verbindungen erreicht werden. Ich nehme den Schutz Ihrer pers\u00f6nlichen Daten sehr ernst und halte mich an die Regeln der Datenschutzgesetze. Personenbezogene Daten werden auf dieser Webseite nur im technisch notwendigen Umfang erhoben. In keinem Fall werden die erhobenen Daten verkauft oder aus anderen Gr\u00fcnden an Dritte weitergegeben.<\/p>\n","protected":false},"excerpt":{"rendered":"<p>Dieser Blog wird gestaltet und betreut von Liane B\u00fcttner-Kauff Am Obertor 17 55237 Flonheim \u00a0 eMail: schneeloewe73(\u00e4t)gmail.com \u00a0 Copyright Soweit &hellip; <a href=\"https:\/\/lianeshobbywelt.de\/?page_id=1073\" class=\"more-link\">Continue reading<span class=\"screen-reader-text\"> &#8222;Impressum&#8220;<\/span><\/a><\/p>\n","protected":false},"author":1,"featured_media":0,"parent":0,"menu_order":10,"comment_status":"closed","ping_status":"closed","template":"","meta":{"footnotes":""},"class_list":["post-1073","page","type-page","status-publish","hentry"],"_links":{"self":[{"href":"https:\/\/lianeshobbywelt.de\/index.php?rest_route=\/wp\/v2\/pages\/1073","targetHints":{"allow":["GET"]}}],"collection":[{"href":"https:\/\/lianeshobbywelt.de\/index.php?rest_route=\/wp\/v2\/pages"}],"about":[{"href":"https:\/\/lianeshobbywelt.de\/index.php?rest_route=\/wp\/v2\/types\/page"}],"author":[{"embeddable":true,"href":"https:\/\/lianeshobbywelt.de\/index.php?rest_route=\/wp\/v2\/users\/1"}],"replies":[{"embeddable":true,"href":"https:\/\/lianeshobbywelt.de\/index.php?rest_route=%2Fwp%2Fv2%2Fcomments&post=1073"}],"version-history":[{"count":6,"href":"https:\/\/lianeshobbywelt.de\/index.php?rest_route=\/wp\/v2\/pages\/1073\/revisions"}],"predecessor-version":[{"id":3823,"href":"https:\/\/lianeshobbywelt.de\/index.php?rest_route=\/wp\/v2\/pages\/1073\/revisions\/3823"}],"wp:attachment":[{"href":"https:\/\/lianeshobbywelt.de\/index.php?rest_route=%2Fwp%2Fv2%2Fmedia&parent=1073"}],"curies":[{"name":"wp","href":"https:\/\/api.w.org\/{rel}","templated":true}]}}